{"id":400,"date":"2017-01-17T01:22:43","date_gmt":"2017-01-17T06:22:43","guid":{"rendered":"https:\/\/orleans.patenaudemartialarts.com\/?page_id=400\/"},"modified":"2017-03-18T15:52:48","modified_gmt":"2017-03-18T20:52:48","slug":"blogue-cornwall-ecole-arts-martiaux-kickboxing-mma","status":"publish","type":"page","link":"https:\/\/cornwall.patenaudemartialarts.com\/fr\/cornwall-arts-martiaux-kickboxing-mma\/blogue-cornwall-ecole-arts-martiaux-kickboxing-mma\/","title":{"rendered":"Blogue"},"content":{"rendered":"\n<style type=\"text\/css\" data-created_by=\"avia_inline_auto\" id=\"style-css-av-av_section-2fe31ecbd5feb94b30af280bec0dc287\">\n.avia-section.av-av_section-2fe31ecbd5feb94b30af280bec0dc287 .av-section-color-overlay{\nopacity:1;\nbackground-image:url(https:\/\/cornwall.patenaudemartialarts.com\/wp-content\/themes\/enfold\/images\/background-images\/wool-diagonal-for-light-background.png);\nbackground-repeat:repeat;\n}\n<\/style>\n<div id='av_section_1'  class='avia-section av-av_section-2fe31ecbd5feb94b30af280bec0dc287 main_color avia-section-default avia-no-shadow  avia-builder-el-0  el_before_av_one_full  avia-builder-el-first  avia-bg-style-scroll av-section-color-overlay-active container_wrap sidebar_right'  ><div class=\"av-section-color-overlay-wrap\"><div class=\"av-section-color-overlay\"><\/div><div class='container av-section-cont-open' ><main  role=\"main\" itemprop=\"mainContentOfPage\"  class='template-page content  av-content-small alpha units'><div class='post-entry post-entry-type-page post-entry-400'><div class='entry-content-wrapper clearfix'>\n\n<style type=\"text\/css\" data-created_by=\"avia_inline_auto\" id=\"style-css-av-av_heading-b7e5fbc3db705cd18b3b35585f3dc953\">\n#top .av-special-heading.av-av_heading-b7e5fbc3db705cd18b3b35585f3dc953{\npadding-bottom:0;\n}\nbody .av-special-heading.av-av_heading-b7e5fbc3db705cd18b3b35585f3dc953 .av-special-heading-tag .heading-char{\nfont-size:25px;\n}\n.av-special-heading.av-av_heading-b7e5fbc3db705cd18b3b35585f3dc953 .av-subheading{\nfont-size:15px;\n}\n<\/style>\n<div  class='av-special-heading av-av_heading-b7e5fbc3db705cd18b3b35585f3dc953 av-special-heading-h1 blockquote modern-quote  avia-builder-el-1  avia-builder-el-no-sibling '><h1 class='av-special-heading-tag '  itemprop=\"headline\"  >Blogue de kickboxing MMA Arts Martiaux Cornwall<\/h1><div class=\"special-heading-border\"><div class=\"special-heading-inner-border\"><\/div><\/div><\/div>\n<\/div><\/div><\/main><!-- close content main element --><\/div><\/div><\/div><div id='after_section_1'  class='main_color av_default_container_wrap container_wrap sidebar_right'  ><div class='container av-section-cont-open' ><div class='template-page content  av-content-small alpha units'><div class='post-entry post-entry-type-page post-entry-400'><div class='entry-content-wrapper clearfix'>\n<style type=\"text\/css\" data-created_by=\"avia_inline_auto\" id=\"style-css-av-av_one_full-6126cab7d8fab8d08143dd2dacdf673c\">\n.flex_column.av-av_one_full-6126cab7d8fab8d08143dd2dacdf673c{\nborder-radius:0px 0px 0px 0px;\npadding:0px 0px 0px 0px;\n}\n<\/style>\n<div  class='flex_column av-av_one_full-6126cab7d8fab8d08143dd2dacdf673c av_one_full  avia-builder-el-2  el_after_av_section  avia-builder-el-no-sibling  first flex_column_div av-zero-column-padding  '     ><div  class='av-alb-blogposts template-blog  av-blog-meta-author-disabled av-blog-meta-comments-disabled av-blog-meta-html-info-disabled av-blog-meta-tag-disabled '  itemscope=\"itemscope\" itemtype=\"https:\/\/schema.org\/Blog\" >\t<article class=\"entry\">\n\t\t<header class=\"entry-content-header\" aria-label=\"Aucun article trouv\u00e9\" >\n<h1 class='post-title entry-title '>Aucune page ne correspond \u00e0 votre recherche<\/h1>\t\t<\/header>\n\n\t\t<p class=\"entry-content\"  itemprop=\"text\" >D\u00e9sol\u00e9, aucun article ne correspond \u00e0 votre recherche<\/p>\n\n\t\t<footer class=\"entry-footer\"><\/footer>\n\t<\/article>\n\n<div class='single-small'><\/div><\/div><\/div><\/p>\n","protected":false},"excerpt":{"rendered":"","protected":false},"author":1,"featured_media":0,"parent":340,"menu_order":0,"comment_status":"closed","ping_status":"closed","template":"","meta":{"footnotes":""},"class_list":["post-400","page","type-page","status-publish","hentry"],"yoast_head":"<!-- This site is optimized with the Yoast SEO plugin v27.3 - https:\/\/yoast.com\/product\/yoast-seo-wordpress\/ -->\n<title>BLOG CORNWALL ARTS MARTIAUX BLOG MMA KICKBOXING BLOG CORNWALL<\/title>\n<meta name=\"description\" content=\"ARTS MARTIAUX MIXTES BLOG - CORNWALL KICKBOXING MMA BLOG\" \/>\n<meta name=\"robots\" content=\"index, follow, max-snippet:-1, max-image-preview:large, max-video-preview:-1\" \/>\n<link rel=\"canonical\" href=\"https:\/\/cornwall.patenaudemartialarts.com\/fr\/cornwall-arts-martiaux-kickboxing-mma\/blogue-cornwall-ecole-arts-martiaux-kickboxing-mma\/\" \/>\n<meta property=\"og:locale\" content=\"fr_FR\" \/>\n<meta property=\"og:type\" content=\"article\" \/>\n<meta property=\"og:title\" content=\"BLOG CORNWALL ARTS MARTIAUX BLOG MMA KICKBOXING BLOG CORNWALL\" \/>\n<meta property=\"og:description\" content=\"ARTS MARTIAUX MIXTES BLOG - CORNWALL KICKBOXING MMA BLOG\" \/>\n<meta property=\"og:url\" content=\"https:\/\/cornwall.patenaudemartialarts.com\/fr\/cornwall-arts-martiaux-kickboxing-mma\/blogue-cornwall-ecole-arts-martiaux-kickboxing-mma\/\" \/>\n<meta property=\"og:site_name\" content=\"Cornwall Patenaude Martial Arts &amp; Fitness\" \/>\n<meta property=\"article:publisher\" content=\"https:\/\/www.facebook.com\/PatenaudeMartialArts\" \/>\n<meta property=\"article:modified_time\" content=\"2017-03-18T20:52:48+00:00\" \/>\n<meta name=\"twitter:card\" content=\"summary_large_image\" \/>\n<meta name=\"twitter:site\" content=\"@fangshendo\" \/>\n<meta name=\"twitter:label1\" content=\"Dur\u00e9e de lecture estim\u00e9e\" \/>\n\t<meta name=\"twitter:data1\" content=\"1 minute\" \/>\n<script type=\"application\/ld+json\" class=\"yoast-schema-graph\">{\"@context\":\"https:\\\/\\\/schema.org\",\"@graph\":[{\"@type\":\"WebPage\",\"@id\":\"https:\\\/\\\/cornwall.patenaudemartialarts.com\\\/fr\\\/cornwall-arts-martiaux-kickboxing-mma\\\/blogue-cornwall-ecole-arts-martiaux-kickboxing-mma\\\/\",\"url\":\"https:\\\/\\\/cornwall.patenaudemartialarts.com\\\/fr\\\/cornwall-arts-martiaux-kickboxing-mma\\\/blogue-cornwall-ecole-arts-martiaux-kickboxing-mma\\\/\",\"name\":\"BLOG CORNWALL ARTS MARTIAUX BLOG MMA KICKBOXING BLOG CORNWALL\",\"isPartOf\":{\"@id\":\"https:\\\/\\\/cornwall.patenaudemartialarts.tempurl.host\\\/#website\"},\"datePublished\":\"2017-01-17T06:22:43+00:00\",\"dateModified\":\"2017-03-18T20:52:48+00:00\",\"description\":\"ARTS MARTIAUX MIXTES BLOG - CORNWALL KICKBOXING MMA BLOG\",\"breadcrumb\":{\"@id\":\"https:\\\/\\\/cornwall.patenaudemartialarts.com\\\/fr\\\/cornwall-arts-martiaux-kickboxing-mma\\\/blogue-cornwall-ecole-arts-martiaux-kickboxing-mma\\\/#breadcrumb\"},\"inLanguage\":\"fr-FR\",\"potentialAction\":[{\"@type\":\"ReadAction\",\"target\":[\"https:\\\/\\\/cornwall.patenaudemartialarts.com\\\/fr\\\/cornwall-arts-martiaux-kickboxing-mma\\\/blogue-cornwall-ecole-arts-martiaux-kickboxing-mma\\\/\"]}]},{\"@type\":\"BreadcrumbList\",\"@id\":\"https:\\\/\\\/cornwall.patenaudemartialarts.com\\\/fr\\\/cornwall-arts-martiaux-kickboxing-mma\\\/blogue-cornwall-ecole-arts-martiaux-kickboxing-mma\\\/#breadcrumb\",\"itemListElement\":[{\"@type\":\"ListItem\",\"position\":1,\"name\":\"Home\",\"item\":\"https:\\\/\\\/cornwall.patenaudemartialarts.com\\\/fr\\\/\"},{\"@type\":\"ListItem\",\"position\":2,\"name\":\"Accueil\",\"item\":\"https:\\\/\\\/cornwall.patenaudemartialarts.com\\\/fr\\\/\"},{\"@type\":\"ListItem\",\"position\":3,\"name\":\"Blogue\"}]},{\"@type\":\"WebSite\",\"@id\":\"https:\\\/\\\/cornwall.patenaudemartialarts.tempurl.host\\\/#website\",\"url\":\"https:\\\/\\\/cornwall.patenaudemartialarts.tempurl.host\\\/\",\"name\":\"Cornwall Patenaude Martial Arts &amp; Fitness\",\"description\":\"cornwall-arts-martiaux-kickboxing-mma\",\"potentialAction\":[{\"@type\":\"SearchAction\",\"target\":{\"@type\":\"EntryPoint\",\"urlTemplate\":\"https:\\\/\\\/cornwall.patenaudemartialarts.tempurl.host\\\/?s={search_term_string}\"},\"query-input\":{\"@type\":\"PropertyValueSpecification\",\"valueRequired\":true,\"valueName\":\"search_term_string\"}}],\"inLanguage\":\"fr-FR\"}]}<\/script>\n<!-- \/ Yoast SEO plugin. -->","yoast_head_json":{"title":"BLOG CORNWALL ARTS MARTIAUX BLOG MMA KICKBOXING BLOG CORNWALL","description":"ARTS MARTIAUX MIXTES BLOG - CORNWALL KICKBOXING MMA BLOG","robots":{"index":"index","follow":"follow","max-snippet":"max-snippet:-1","max-image-preview":"max-image-preview:large","max-video-preview":"max-video-preview:-1"},"canonical":"https:\/\/cornwall.patenaudemartialarts.com\/fr\/cornwall-arts-martiaux-kickboxing-mma\/blogue-cornwall-ecole-arts-martiaux-kickboxing-mma\/","og_locale":"fr_FR","og_type":"article","og_title":"BLOG CORNWALL ARTS MARTIAUX BLOG MMA KICKBOXING BLOG CORNWALL","og_description":"ARTS MARTIAUX MIXTES BLOG - CORNWALL KICKBOXING MMA BLOG","og_url":"https:\/\/cornwall.patenaudemartialarts.com\/fr\/cornwall-arts-martiaux-kickboxing-mma\/blogue-cornwall-ecole-arts-martiaux-kickboxing-mma\/","og_site_name":"Cornwall Patenaude Martial Arts &amp; Fitness","article_publisher":"https:\/\/www.facebook.com\/PatenaudeMartialArts","article_modified_time":"2017-03-18T20:52:48+00:00","twitter_card":"summary_large_image","twitter_site":"@fangshendo","twitter_misc":{"Dur\u00e9e de lecture estim\u00e9e":"1 minute"},"schema":{"@context":"https:\/\/schema.org","@graph":[{"@type":"WebPage","@id":"https:\/\/cornwall.patenaudemartialarts.com\/fr\/cornwall-arts-martiaux-kickboxing-mma\/blogue-cornwall-ecole-arts-martiaux-kickboxing-mma\/","url":"https:\/\/cornwall.patenaudemartialarts.com\/fr\/cornwall-arts-martiaux-kickboxing-mma\/blogue-cornwall-ecole-arts-martiaux-kickboxing-mma\/","name":"BLOG CORNWALL ARTS MARTIAUX BLOG MMA KICKBOXING BLOG CORNWALL","isPartOf":{"@id":"https:\/\/cornwall.patenaudemartialarts.tempurl.host\/#website"},"datePublished":"2017-01-17T06:22:43+00:00","dateModified":"2017-03-18T20:52:48+00:00","description":"ARTS MARTIAUX MIXTES BLOG - CORNWALL KICKBOXING MMA BLOG","breadcrumb":{"@id":"https:\/\/cornwall.patenaudemartialarts.com\/fr\/cornwall-arts-martiaux-kickboxing-mma\/blogue-cornwall-ecole-arts-martiaux-kickboxing-mma\/#breadcrumb"},"inLanguage":"fr-FR","potentialAction":[{"@type":"ReadAction","target":["https:\/\/cornwall.patenaudemartialarts.com\/fr\/cornwall-arts-martiaux-kickboxing-mma\/blogue-cornwall-ecole-arts-martiaux-kickboxing-mma\/"]}]},{"@type":"BreadcrumbList","@id":"https:\/\/cornwall.patenaudemartialarts.com\/fr\/cornwall-arts-martiaux-kickboxing-mma\/blogue-cornwall-ecole-arts-martiaux-kickboxing-mma\/#breadcrumb","itemListElement":[{"@type":"ListItem","position":1,"name":"Home","item":"https:\/\/cornwall.patenaudemartialarts.com\/fr\/"},{"@type":"ListItem","position":2,"name":"Accueil","item":"https:\/\/cornwall.patenaudemartialarts.com\/fr\/"},{"@type":"ListItem","position":3,"name":"Blogue"}]},{"@type":"WebSite","@id":"https:\/\/cornwall.patenaudemartialarts.tempurl.host\/#website","url":"https:\/\/cornwall.patenaudemartialarts.tempurl.host\/","name":"Cornwall Patenaude Martial Arts &amp; Fitness","description":"cornwall-arts-martiaux-kickboxing-mma","potentialAction":[{"@type":"SearchAction","target":{"@type":"EntryPoint","urlTemplate":"https:\/\/cornwall.patenaudemartialarts.tempurl.host\/?s={search_term_string}"},"query-input":{"@type":"PropertyValueSpecification","valueRequired":true,"valueName":"search_term_string"}}],"inLanguage":"fr-FR"}]}},"_links":{"self":[{"href":"https:\/\/cornwall.patenaudemartialarts.com\/fr\/wp-json\/wp\/v2\/pages\/400","targetHints":{"allow":["GET"]}}],"collection":[{"href":"https:\/\/cornwall.patenaudemartialarts.com\/fr\/wp-json\/wp\/v2\/pages"}],"about":[{"href":"https:\/\/cornwall.patenaudemartialarts.com\/fr\/wp-json\/wp\/v2\/types\/page"}],"author":[{"embeddable":true,"href":"https:\/\/cornwall.patenaudemartialarts.com\/fr\/wp-json\/wp\/v2\/users\/1"}],"replies":[{"embeddable":true,"href":"https:\/\/cornwall.patenaudemartialarts.com\/fr\/wp-json\/wp\/v2\/comments?post=400"}],"version-history":[{"count":0,"href":"https:\/\/cornwall.patenaudemartialarts.com\/fr\/wp-json\/wp\/v2\/pages\/400\/revisions"}],"up":[{"embeddable":true,"href":"https:\/\/cornwall.patenaudemartialarts.com\/fr\/wp-json\/wp\/v2\/pages\/340"}],"wp:attachment":[{"href":"https:\/\/cornwall.patenaudemartialarts.com\/fr\/wp-json\/wp\/v2\/media?parent=400"}],"curies":[{"name":"wp","href":"https:\/\/api.w.org\/{rel}","templated":true}]}}